{"id":47,"date":"2017-11-20T15:43:27","date_gmt":"2017-11-20T15:43:27","guid":{"rendered":"http:\/\/www.cuaprose.uy\/?page_id=47"},"modified":"2019-08-02T17:16:42","modified_gmt":"2019-08-02T17:16:42","slug":"asociarse","status":"publish","type":"page","link":"https:\/\/www.cuaprose.com.uy\/web\/asociarse\/","title":{"rendered":"Asociarse"},"content":{"rendered":"<p>[et_pb_section bb_built=\u00bb1&#8243; fullwidth=\u00bbon\u00bb specialty=\u00bboff\u00bb _builder_version=\u00bb3.0.87&#8243; module_id=\u00bbcontent-cabezal\u00bb module_class=\u00bbasociarse\u00bb][et_pb_fullwidth_header _builder_version=\u00bb3.0.87&#8243; title=\u00bbAsociarse\u00bb text_orientation=\u00bbleft\u00bb header_fullscreen=\u00bboff\u00bb header_scroll_down=\u00bboff\u00bb image_orientation=\u00bbcenter\u00bb background_layout=\u00bblight\u00bb content_orientation=\u00bbcenter\u00bb custom_button_one=\u00bboff\u00bb button_one_icon_placement=\u00bbright\u00bb custom_button_two=\u00bboff\u00bb button_two_icon_placement=\u00bbright\u00bb subhead=\u00bb\u00danase a otros colegas corredores de seguros para lograr la regulaci\u00f3n de la profesi\u00f3n y del mercado asegurador\u00bb \/][\/et_pb_section][et_pb_section bb_built=\u00bb1&#8243;][et_pb_row][et_pb_column type=\u00bb1_4&#8243;][\/et_pb_column][et_pb_column type=\u00bb1_2&#8243;][et_pb_code _builder_version=\u00bb3.0.87&#8243; module_class=\u00bbformulario\u00bb][contact-form-7 id=&quot;37&quot; title=&quot;Asociarse&quot;][\/et_pb_code][\/et_pb_column][et_pb_column type=\u00bb1_4&#8243;][\/et_pb_column][\/et_pb_row][\/et_pb_section]<\/p>\n","protected":false},"excerpt":{"rendered":"<p>[et_pb_section bb_built=\u00bb1&#8243; fullwidth=\u00bbon\u00bb specialty=\u00bboff\u00bb _builder_version=\u00bb3.0.87&#8243; module_id=\u00bbcontent-cabezal\u00bb module_class=\u00bbasociarse\u00bb][et_pb_fullwidth_header _builder_version=\u00bb3.0.87&#8243; title=\u00bbAsociarse\u00bb text_orientation=\u00bbleft\u00bb header_fullscreen=\u00bboff\u00bb header_scroll_down=\u00bboff\u00bb image_orientation=\u00bbcenter\u00bb background_layout=\u00bblight\u00bb content_orientation=\u00bbcenter\u00bb custom_button_one=\u00bboff\u00bb button_one_icon_placement=\u00bbright\u00bb custom_button_two=\u00bboff\u00bb button_two_icon_placement=\u00bbright\u00bb subhead=\u00bb\u00danase a otros colegas corredores de seguros para lograr la regulaci\u00f3n de la profesi\u00f3n y del mercado asegurador\u00bb \/][\/et_pb_section][et_pb_section bb_built=\u00bb1&#8243;][et_pb_row][et_pb_column type=\u00bb1_4&#8243;][\/et_pb_column][et_pb_column type=\u00bb1_2&#8243;][et_pb_code _builder_version=\u00bb3.0.87&#8243; module_class=\u00bbformulario\u00bb][contact-form-7 id=&quot;37&quot; title=&quot;Asociarse&quot;][\/et_pb_code][\/et_pb_column][et_pb_column type=\u00bb1_4&#8243;][\/et_pb_column][\/et_pb_row][\/et_pb_section]<\/p>\n","protected":false},"author":1,"featured_media":0,"parent":0,"menu_order":0,"comment_status":"closed","ping_status":"closed","template":"","meta":[],"_links":{"self":[{"href":"https:\/\/www.cuaprose.com.uy\/web\/wp-json\/wp\/v2\/pages\/47"}],"collection":[{"href":"https:\/\/www.cuaprose.com.uy\/web\/wp-json\/wp\/v2\/pages"}],"about":[{"href":"https:\/\/www.cuaprose.com.uy\/web\/wp-json\/wp\/v2\/types\/page"}],"author":[{"embeddable":true,"href":"https:\/\/www.cuaprose.com.uy\/web\/wp-json\/wp\/v2\/users\/1"}],"replies":[{"embeddable":true,"href":"https:\/\/www.cuaprose.com.uy\/web\/wp-json\/wp\/v2\/comments?post=47"}],"version-history":[{"count":0,"href":"https:\/\/www.cuaprose.com.uy\/web\/wp-json\/wp\/v2\/pages\/47\/revisions"}],"wp:attachment":[{"href":"https:\/\/www.cuaprose.com.uy\/web\/wp-json\/wp\/v2\/media?parent=47"}],"curies":[{"name":"wp","href":"https:\/\/api.w.org\/{rel}","templated":true}]}}